{"id":13239,"date":"2022-03-28T12:34:42","date_gmt":"2022-03-28T10:34:42","guid":{"rendered":"https:\/\/faunauge.de\/faunauge-headwear-and-accessories\/"},"modified":"2022-04-12T13:51:49","modified_gmt":"2022-04-12T11:51:49","slug":"faunauge-headwear-and-accessories","status":"publish","type":"page","link":"https:\/\/faunauge.de\/en\/","title":{"rendered":"Faunauge &#8211; Headwear and Accessories"},"content":{"rendered":"<div class=\"lazyblock-cover-mit-link-11Qz4w alignfull alignfull spatz wp-block-lazyblock-cover-mit-link\"><div class=\"CoverLink\">\n\t<div class=\"CoverTitel\">\n\t   <h2><a href=\"\" style=\"color: #ffffff\" >Willkommen bei Faunauge <\/a><\/h2>\n\t<\/div>\n\t<div class=\"CoverBild\">\n\t   <a href=\"\"><img decoding=\"async\" src=\"https:\/\/faunauge.de\/wp-content\/uploads\/2021\/10\/Startseite.jpg\" alt=\"Bridal Collection Faunauge 2021\/2022\" \/><\/a>\n  <\/div>\n<\/div><\/div>\n<div class=\"wp-block-uagb-advanced-heading uagb-block-5f6304d2 spatz\"><h2 class=\"uagb-heading-text\">Everything for the head. And even more! <\/h2><div class=\"uagb-separator-wrap\"><div class=\"uagb-separator\"><\/div><\/div><p class=\"uagb-desc-text\">In the Faunauge shop atelier, you can find everything you need for headwear and jewellery in Leipzig. Discover headbands, fascinators, hats and caps of a special kind as well as wedding accessories, bracelets and ear jewellery. <\/p><\/div>\n\n<div class=\"wp-block-uagb-advanced-heading uagb-block-f668f37a spatz\"><h2 class=\"uagb-heading-text\">New: WORKSHOPS<\/h2><div class=\"uagb-separator-wrap\"><div class=\"uagb-separator\"><\/div><\/div><p class=\"uagb-desc-text\">At Faunauge you can now attend uniquely beautiful workshops! Learn how to make fabric flowers and take home your very own piece of jewellery. Or try your hand at creating delicate flowers out of nail polish.   <a href=\"https:\/\/faunauge.de\/en\/?page_id=13262\">Discover the craftsmanship of Faunauge with your friends, meet people with similar interests and try it out for yourself!<\/a><\/p><\/div>\n<div class=\"lazyblock-cover-mit-link-Ah5oh alignfull alignfull spatz wp-block-lazyblock-cover-mit-link\"><div class=\"CoverLink\">\n\t<div class=\"CoverTitel\">\n\t   <h2><a href=\"https:\/\/faunauge.de\/ladenatelier-und-label\/\" style=\"color: #ffffff\" >Das Ladenatelier <\/a><\/h2>\n\t<\/div>\n\t<div class=\"CoverBild\">\n\t   <a href=\"https:\/\/faunauge.de\/ladenatelier-und-label\/\"><img decoding=\"async\" src=\"https:\/\/faunauge.de\/wp-content\/uploads\/2020\/10\/Startseite_Ladenatelier.jpg\" alt=\"Ladenatelier Faunauge mit Workshop\" \/><\/a>\n  <\/div>\n<\/div><\/div>\n<div class=\"wp-block-uagb-advanced-heading uagb-block-471bffe8 spatz\"><h2 class=\"uagb-heading-text\">Step inside and let yourself be enchanted<\/h2><div class=\"uagb-separator-wrap\"><div class=\"uagb-separator\"><\/div><\/div><p class=\"uagb-desc-text\">The shop studio was opened in August 2019 and is located in Leipzig&#8217;s S\u00fcdvorstadt district. I look forward to talking to you, because I&#8217;m excited to see how you like Faunauge&#8217;s creations for headdresses, hats and accessories!  <\/p><\/div>\n\n<div class=\"wp-block-columns spatz is-layout-flex wp-container-core-columns-is-layout-28f84493 wp-block-columns-is-layout-flex\">\n<div class=\"wp-block-column is-layout-flow wp-block-column-is-layout-flow\">\n<div class=\"wp-block-yoast-seo-local-address\">[wpseo_address id=&#8221;0&#8243; hide_name=&#8221;false&#8221; hide_address=&#8221;false&#8221; oneline=&#8221;false&#8221; show_state=&#8221;true&#8221; show_country=&#8221;false&#8221; show_phone=&#8221;true&#8221; show_phone_2=&#8221;true&#8221; show_fax=&#8221;true&#8221; show_email=&#8221;true&#8221; show_url=&#8221;false&#8221; show_vat=&#8221;false&#8221; show_tax=&#8221;false&#8221; show_coc=&#8221;false&#8221; show_price_range=&#8221;false&#8221; show_logo=&#8221;false&#8221; show_opening_hours=&#8221;false&#8221; hide_closed=&#8221;false&#8221;]<\/div>\n<\/div>\n\n\n\n<div class=\"wp-block-column is-layout-flow wp-block-column-is-layout-flow\">\n<h3 class=\"wp-block-heading\" id=\"offnungszeiten\">Opening Hours<\/h3>\n\n\n\n<p>Tues &#8211; Fr 2 &#8211; 6 pm<br\/>every 1st Sat\/month 11 am &#8211; 3 pm<br\/>Appointments all day by arrangement<\/p>\n<\/div>\n\n\n\n<div class=\"wp-block-column is-layout-flow wp-block-column-is-layout-flow\">\n<h3 class=\"wp-block-heading\" id=\"anfahrt\">How to find me<\/h3>\n\n\n\n<p>Bus 60 and 74 Stop Fockestra\u00dfe<br\/>Bus 89 Stop August-Bebel-Stra\u00dfe\/Kurt-Eisner-Stra\u00dfe<br\/>Parking facilities available<\/p>\n<\/div>\n<\/div>\n<div class=\"lazyblock-cover-mit-link-1Q0fDR alignfull alignfull spatz wp-block-lazyblock-cover-mit-link\"><div class=\"CoverLink\">\n\t<div class=\"CoverTitel\">\n\t   <h2><a href=\"https:\/\/faunauge.de\/look\/\" style=\"color: #ffffff\" >Der Look von Faunauge <\/a><\/h2>\n\t<\/div>\n\t<div class=\"CoverBild\">\n\t   <a href=\"https:\/\/faunauge.de\/look\/\"><img decoding=\"async\" src=\"https:\/\/faunauge.de\/wp-content\/uploads\/2018\/03\/WeddingGothic_Cat.jpg\" alt=\"Wedding oder Gothic? Faunauge hat den passenden Haarschmuck f\u00fcr deinen Style! Fotos von Ren\u00e9 H\u00e4nsel und Johannes Amm.\" \/><\/a>\n  <\/div>\n<\/div><\/div>\n<div class=\"wp-block-uagb-advanced-heading uagb-block-8ac96695 spatz\"><h2 class=\"uagb-heading-text\">Discover the diversity and uniqueness of the look of Faunauge<\/h2><div class=\"uagb-separator-wrap\"><div class=\"uagb-separator\"><\/div><\/div><p class=\"uagb-desc-text\">Faunauge walks between the worlds. Dive with me from one into the next. Explore Faunauge&#8217;s wedding range, the dark romanticism of the gothic scene and vintage-inspired headdresses. Let yourself drift in street style or have your own unique piece made just for you.   <\/p><\/div>\n<div class=\"lazyblock-cover-mit-link-52tbh alignfull alignfull spatz wp-block-lazyblock-cover-mit-link\"><div class=\"CoverLink\">\n\t<div class=\"CoverTitel\">\n\t   <h2><a href=\"https:\/\/faunauge.de\/shop\/\" style=\"color: #ffffff\" >Shop the Look <\/a><\/h2>\n\t<\/div>\n\t<div class=\"CoverBild\">\n\t   <a href=\"https:\/\/faunauge.de\/shop\/\"><img decoding=\"async\" src=\"https:\/\/faunauge.de\/wp-content\/uploads\/2018\/11\/Haarkraenz_201803.jpg\" alt=\"Haarkamm Onyx Messing Braut\" \/><\/a>\n  <\/div>\n<\/div><\/div>\n<div class=\"wp-block-uagb-advanced-heading uagb-block-83227985 spatz\"><h2 class=\"uagb-heading-text\">Buy small series and unique pieces directly in the online shop <\/h2><div class=\"uagb-separator-wrap\"><div class=\"uagb-separator\"><\/div><\/div><p class=\"uagb-desc-text\">You can&#8217;t come to the shop studio in person? No problem! Because in the Faunauge online shop you can find examples of hair jewellery, unique pieces and small series that can be sent directly. Browse through the individual products, be inspired by the sets or give vouchers as gifts.   <\/p><\/div>\n<div class=\"lazyblock-cover-mit-link-2eJi9H alignfull alignfull spatz wp-block-lazyblock-cover-mit-link\"><div class=\"CoverLink\">\n\t<div class=\"CoverTitel\">\n\t   <h2><a href=\"https:\/\/faunauge.de\/category\/allgemein\/\" style=\"color: #ffffff\" >Lesestoff von Faunauge <\/a><\/h2>\n\t<\/div>\n\t<div class=\"CoverBild\">\n\t   <a href=\"https:\/\/faunauge.de\/category\/allgemein\/\"><img decoding=\"async\" src=\"https:\/\/faunauge.de\/wp-content\/uploads\/2020\/11\/Weisser_Boater_Material.jpg\" alt=\"Blog von Faunauge\" \/><\/a>\n  <\/div>\n<\/div><\/div>\n<div class=\"wp-block-uagb-advanced-heading uagb-block-c01fb6d9 spatz\"><h2 class=\"uagb-heading-text\">Blog<\/h2><div class=\"uagb-separator-wrap\"><div class=\"uagb-separator\"><\/div><\/div><p class=\"uagb-desc-text\">Learn interesting facts about Faunauge&#8217;s production techniques and events. If you click through the interesting topics, you will learn how flowers can be folded from fabric or why the WGT is so important for Faunauge. <\/p><\/div>\n\n<div class=\"wp-block-image\"><figure class=\"aligncenter size-large\"><a href=\"https:\/\/faunauge.de\/who-made-my-clothes-i-made-your-hat\/\"><img loading=\"lazy\" decoding=\"async\" width=\"800\" height=\"486\" src=\"https:\/\/faunauge.de\/wp-content\/uploads\/2019\/03\/change_the_world.jpg\" alt=\"\" class=\"wp-image-3464\" srcset=\"https:\/\/faunauge.de\/wp-content\/uploads\/2019\/03\/change_the_world.jpg 800w, https:\/\/faunauge.de\/wp-content\/uploads\/2019\/03\/change_the_world-300x182.jpg 300w, https:\/\/faunauge.de\/wp-content\/uploads\/2019\/03\/change_the_world-768x467.jpg 768w, https:\/\/faunauge.de\/wp-content\/uploads\/2019\/03\/change_the_world-416x253.jpg 416w\" sizes=\"auto, (max-width: 800px) 100vw, 800px\" \/><\/a><\/figure><\/div>\n<div class=\"shariff shariff-align-flex-start shariff-widget-align-flex-start\" style=\"display:none\" data-services=\"facebook%7Cpinterest\" data-url=\"https%3A%2F%2Ffaunauge.de%2Fen%2F\" data-timestamp=\"1649771509\" data-hidezero=\"1\" data-backendurl=\"https:\/\/faunauge.de\/en\/wp-json\/shariff\/v1\/share_counts?\"><ul class=\"shariff-buttons theme-white orientation-horizontal buttonsize-small\"><li class=\"shariff-button facebook shariff-nocustomcolor\" style=\"background-color:#4273c8\"><a href=\"https:\/\/www.facebook.com\/sharer\/sharer.php?u=https%3A%2F%2Ffaunauge.de%2Fen%2F\" title=\"Share on Facebook\" aria-label=\"Share on Facebook\" role=\"button\" rel=\"nofollow\" class=\"shariff-link\" style=\"; background-color:#3b5998; color:#3b5998\" target=\"_blank\"><span class=\"shariff-icon\" style=\"fill:#3b5998\"><svg width=\"32px\" height=\"20px\" xmlns=\"http:\/\/www.w3.org\/2000\/svg\" viewBox=\"0 0 18 32\"><path fill=\"#3b5998\" d=\"M17.1 0.2v4.7h-2.8q-1.5 0-2.1 0.6t-0.5 1.9v3.4h5.2l-0.7 5.3h-4.5v13.6h-5.5v-13.6h-4.5v-5.3h4.5v-3.9q0-3.3 1.9-5.2t5-1.8q2.6 0 4.1 0.2z\"\/><\/svg><\/span><span class=\"shariff-text\" style=\"color:#3b5998\">share<\/span>&nbsp;<span data-service=\"facebook\" style=\"color:#3b5998\" class=\"shariff-count shariff-hidezero\"><\/span>&nbsp;<\/a><\/li><li class=\"shariff-button pinterest shariff-nocustomcolor\" style=\"background-color:#e70f18\"><a href=\"https:\/\/www.pinterest.com\/pin\/create\/link\/?url=https%3A%2F%2Ffaunauge.de%2Fen%2F&media=https%3A%2F%2Ffaunauge.de%2Fwp-content%2Fuploads%2F2019%2F03%2Fchange_the_world.jpg&description=Faunauge%20%E2%80%93%20Headwear%20and%20Accessories\" title=\"Pin it on Pinterest\" aria-label=\"Pin it on Pinterest\" role=\"button\" rel=\"noopener nofollow\" class=\"shariff-link\" style=\"; background-color:#cb2027; color:#cb2027\" target=\"_blank\"><span class=\"shariff-icon\" style=\"fill:#cb2027\"><svg width=\"32px\" height=\"20px\" xmlns=\"http:\/\/www.w3.org\/2000\/svg\" viewBox=\"0 0 27 32\"><path fill=\"#cb2027\" d=\"M27.4 16q0 3.7-1.8 6.9t-5 5-6.9 1.9q-2 0-3.9-0.6 1.1-1.7 1.4-2.9 0.2-0.6 1-3.8 0.4 0.7 1.3 1.2t2 0.5q2.1 0 3.8-1.2t2.7-3.4 0.9-4.8q0-2-1.1-3.8t-3.1-2.9-4.5-1.2q-1.9 0-3.5 0.5t-2.8 1.4-2 2-1.2 2.3-0.4 2.4q0 1.9 0.7 3.3t2.1 2q0.5 0.2 0.7-0.4 0-0.1 0.1-0.5t0.2-0.5q0.1-0.4-0.2-0.8-0.9-1.1-0.9-2.7 0-2.7 1.9-4.6t4.9-2q2.7 0 4.2 1.5t1.5 3.8q0 3-1.2 5.2t-3.1 2.1q-1.1 0-1.7-0.8t-0.4-1.9q0.1-0.6 0.5-1.7t0.5-1.8 0.2-1.4q0-0.9-0.5-1.5t-1.4-0.6q-1.1 0-1.9 1t-0.8 2.6q0 1.3 0.4 2.2l-1.8 7.5q-0.3 1.2-0.2 3.2-3.7-1.6-6-5t-2.3-7.6q0-3.7 1.9-6.9t5-5 6.9-1.9 6.9 1.9 5 5 1.8 6.9z\"\/><\/svg><\/span><span class=\"shariff-text\" style=\"color:#cb2027\">save<\/span>&nbsp;<span data-service=\"pinterest\" style=\"color:#cb2027\" class=\"shariff-count shariff-hidezero\"><\/span>&nbsp;<\/a><\/li><li class=\"shariff-button mailto shariff-nocustomcolor\" style=\"background-color:#a8a8a8\"><a href=\"mailto:?body=https%3A%2F%2Ffaunauge.de%2Fen%2F&subject=Faunauge%20%E2%80%93%20Headwear%20and%20Accessories\" title=\"Send by email\" aria-label=\"Send by email\" role=\"button\" rel=\"noopener nofollow\" class=\"shariff-link\" style=\"; background-color:#999; color:#999\"><span class=\"shariff-icon\" style=\"fill:#999\"><svg width=\"32px\" height=\"20px\" xmlns=\"http:\/\/www.w3.org\/2000\/svg\" viewBox=\"0 0 32 32\"><path fill=\"#999\" d=\"M32 12.7v14.2q0 1.2-0.8 2t-2 0.9h-26.3q-1.2 0-2-0.9t-0.8-2v-14.2q0.8 0.9 1.8 1.6 6.5 4.4 8.9 6.1 1 0.8 1.6 1.2t1.7 0.9 2 0.4h0.1q0.9 0 2-0.4t1.7-0.9 1.6-1.2q3-2.2 8.9-6.1 1-0.7 1.8-1.6zM32 7.4q0 1.4-0.9 2.7t-2.2 2.2q-6.7 4.7-8.4 5.8-0.2 0.1-0.7 0.5t-1 0.7-0.9 0.6-1.1 0.5-0.9 0.2h-0.1q-0.4 0-0.9-0.2t-1.1-0.5-0.9-0.6-1-0.7-0.7-0.5q-1.6-1.1-4.7-3.2t-3.6-2.6q-1.1-0.7-2.1-2t-1-2.5q0-1.4 0.7-2.3t2.1-0.9h26.3q1.2 0 2 0.8t0.9 2z\"\/><\/svg><\/span><span class=\"shariff-text\" style=\"color:#999\">email<\/span>&nbsp;<\/a><\/li><li class=\"shariff-button twitter shariff-nocustomcolor\" style=\"background-color:#595959\"><a href=\"https:\/\/twitter.com\/share?url=https%3A%2F%2Ffaunauge.de%2Fen%2F&text=Faunauge%20%E2%80%93%20Headwear%20and%20Accessories\" title=\"Share on X\" aria-label=\"Share on X\" role=\"button\" rel=\"noopener nofollow\" class=\"shariff-link\" style=\"; background-color:#000; color:#000\" target=\"_blank\"><span class=\"shariff-icon\" style=\"fill:#000\"><svg width=\"32px\" height=\"20px\" xmlns=\"http:\/\/www.w3.org\/2000\/svg\" viewBox=\"0 0 24 24\"><path fill=\"#000\" d=\"M14.258 10.152L23.176 0h-2.113l-7.747 8.813L7.133 0H0l9.352 13.328L0 23.973h2.113l8.176-9.309 6.531 9.309h7.133zm-2.895 3.293l-.949-1.328L2.875 1.56h3.246l6.086 8.523.945 1.328 7.91 11.078h-3.246zm0 0\"\/><\/svg><\/span><span class=\"shariff-text\" style=\"color:#000\">share<\/span>&nbsp;<\/a><\/li><li class=\"shariff-button whatsapp shariff-nocustomcolor\" style=\"background-color:#5cbe4a\"><a href=\"https:\/\/api.whatsapp.com\/send?text=https%3A%2F%2Ffaunauge.de%2Fen%2F%20Faunauge%20%E2%80%93%20Headwear%20and%20Accessories\" title=\"Share on Whatsapp\" aria-label=\"Share on Whatsapp\" role=\"button\" rel=\"noopener nofollow\" class=\"shariff-link\" style=\"; background-color:#34af23; color:#34af23\" target=\"_blank\"><span class=\"shariff-icon\" style=\"fill:#34af23\"><svg width=\"32px\" height=\"20px\" xmlns=\"http:\/\/www.w3.org\/2000\/svg\" viewBox=\"0 0 32 32\"><path fill=\"#34af23\" d=\"M17.6 17.4q0.2 0 1.7 0.8t1.6 0.9q0 0.1 0 0.3 0 0.6-0.3 1.4-0.3 0.7-1.3 1.2t-1.8 0.5q-1 0-3.4-1.1-1.7-0.8-3-2.1t-2.6-3.3q-1.3-1.9-1.3-3.5v-0.1q0.1-1.6 1.3-2.8 0.4-0.4 0.9-0.4 0.1 0 0.3 0t0.3 0q0.3 0 0.5 0.1t0.3 0.5q0.1 0.4 0.6 1.6t0.4 1.3q0 0.4-0.6 1t-0.6 0.8q0 0.1 0.1 0.3 0.6 1.3 1.8 2.4 1 0.9 2.7 1.8 0.2 0.1 0.4 0.1 0.3 0 1-0.9t0.9-0.9zM14 26.9q2.3 0 4.3-0.9t3.6-2.4 2.4-3.6 0.9-4.3-0.9-4.3-2.4-3.6-3.6-2.4-4.3-0.9-4.3 0.9-3.6 2.4-2.4 3.6-0.9 4.3q0 3.6 2.1 6.6l-1.4 4.2 4.3-1.4q2.8 1.9 6.2 1.9zM14 2.2q2.7 0 5.2 1.1t4.3 2.9 2.9 4.3 1.1 5.2-1.1 5.2-2.9 4.3-4.3 2.9-5.2 1.1q-3.5 0-6.5-1.7l-7.4 2.4 2.4-7.2q-1.9-3.2-1.9-6.9 0-2.7 1.1-5.2t2.9-4.3 4.3-2.9 5.2-1.1z\"\/><\/svg><\/span><span class=\"shariff-text\" style=\"color:#34af23\">share<\/span>&nbsp;<\/a><\/li><\/ul><\/div>","protected":false},"excerpt":{"rendered":"<p>Everything for the head. And even more! In the Faunauge shop atelier, you can find everything you need for headwear and jewellery in Leipzig. Discover headbands, fascinators, hats and caps of a special kind as well as wedding accessories, bracelets and ear jewellery. New: WORKSHOPS At Faunauge you can now attend uniquely beautiful workshops! Learn [&hellip;]<\/p>\n","protected":false},"author":2,"featured_media":0,"parent":0,"menu_order":0,"comment_status":"closed","ping_status":"closed","template":"","meta":{"_uag_custom_page_level_css":"","footnotes":""},"class_list":["post-13239","page","type-page","status-publish","hentry"],"uagb_featured_image_src":{"full":false,"thumbnail":false,"medium":false,"medium_large":false,"large":false,"1536x1536":false,"2048x2048":false,"woocommerce_thumbnail":false,"woocommerce_single":false,"woocommerce_gallery_thumbnail":false},"uagb_author_info":{"display_name":"Romy Marienfeld","author_link":"https:\/\/faunauge.de\/en\/author\/the_creatoress\/"},"uagb_comment_info":0,"uagb_excerpt":"Everything for the head. And even more! In the Faunauge shop atelier, you can find everything you need for headwear and jewellery in Leipzig. Discover headbands, fascinators, hats and caps of a special kind as well as wedding accessories, bracelets and ear jewellery. New: WORKSHOPS At Faunauge you can now attend uniquely beautiful workshops! Learn&hellip;","_links":{"self":[{"href":"https:\/\/faunauge.de\/en\/wp-json\/wp\/v2\/pages\/13239","targetHints":{"allow":["GET"]}}],"collection":[{"href":"https:\/\/faunauge.de\/en\/wp-json\/wp\/v2\/pages"}],"about":[{"href":"https:\/\/faunauge.de\/en\/wp-json\/wp\/v2\/types\/page"}],"author":[{"embeddable":true,"href":"https:\/\/faunauge.de\/en\/wp-json\/wp\/v2\/users\/2"}],"replies":[{"embeddable":true,"href":"https:\/\/faunauge.de\/en\/wp-json\/wp\/v2\/comments?post=13239"}],"version-history":[{"count":4,"href":"https:\/\/faunauge.de\/en\/wp-json\/wp\/v2\/pages\/13239\/revisions"}],"predecessor-version":[{"id":13336,"href":"https:\/\/faunauge.de\/en\/wp-json\/wp\/v2\/pages\/13239\/revisions\/13336"}],"wp:attachment":[{"href":"https:\/\/faunauge.de\/en\/wp-json\/wp\/v2\/media?parent=13239"}],"curies":[{"name":"wp","href":"https:\/\/api.w.org\/{rel}","templated":true}]}}